{"id":7,"date":"2013-05-27T15:31:20","date_gmt":"2013-05-27T15:31:20","guid":{"rendered":"http:\/\/www.gummivinnustofan.is\/?page_id=7"},"modified":"2013-06-24T16:57:48","modified_gmt":"2013-06-24T16:57:48","slug":"forsida","status":"publish","type":"page","link":"https:\/\/www.gummivinnustofan.is\/","title":{"rendered":"Fors\u00ed\u00f0a"},"content":{"rendered":"<p><strong>FORS\u00cd\u00d0A<\/strong><\/p>\n","protected":false},"excerpt":{"rendered":"<p>FORS\u00cd\u00d0A<\/p>\n","protected":false},"author":1,"featured_media":0,"parent":0,"menu_order":0,"comment_status":"open","ping_status":"open","template":"template-home.php","meta":{"_monsterinsights_skip_tracking":false,"_monsterinsights_sitenote_active":false,"_monsterinsights_sitenote_note":"","_monsterinsights_sitenote_category":0,"footnotes":""},"class_list":["post-7","page","type-page","status-publish","hentry"],"_links":{"self":[{"href":"https:\/\/www.gummivinnustofan.is\/index.php?rest_route=\/wp\/v2\/pages\/7","targetHints":{"allow":["GET"]}}],"collection":[{"href":"https:\/\/www.gummivinnustofan.is\/index.php?rest_route=\/wp\/v2\/pages"}],"about":[{"href":"https:\/\/www.gummivinnustofan.is\/index.php?rest_route=\/wp\/v2\/types\/page"}],"author":[{"embeddable":true,"href":"https:\/\/www.gummivinnustofan.is\/index.php?rest_route=\/wp\/v2\/users\/1"}],"replies":[{"embeddable":true,"href":"https:\/\/www.gummivinnustofan.is\/index.php?rest_route=%2Fwp%2Fv2%2Fcomments&post=7"}],"version-history":[{"count":15,"href":"https:\/\/www.gummivinnustofan.is\/index.php?rest_route=\/wp\/v2\/pages\/7\/revisions"}],"predecessor-version":[{"id":459,"href":"https:\/\/www.gummivinnustofan.is\/index.php?rest_route=\/wp\/v2\/pages\/7\/revisions\/459"}],"wp:attachment":[{"href":"https:\/\/www.gummivinnustofan.is\/index.php?rest_route=%2Fwp%2Fv2%2Fmedia&parent=7"}],"curies":[{"name":"wp","href":"https:\/\/api.w.org\/{rel}","templated":true}]}}